{"id":3691,"date":"2023-10-17T13:19:26","date_gmt":"2023-10-17T11:19:26","guid":{"rendered":"https:\/\/fusteriamartinez.net\/contact\/"},"modified":"2024-07-18T14:08:52","modified_gmt":"2024-07-18T12:08:52","slug":"contact","status":"publish","type":"page","link":"https:\/\/fusteriamartinez.net\/fr\/contact\/","title":{"rendered":"Contact"},"content":{"rendered":"\t\t<div data-elementor-type=\"wp-page\" data-elementor-id=\"3691\" class=\"elementor elementor-3691 elementor-3540\">\n\t\t\t\t\t\t\t<div class=\"elementor-element elementor-element-58aeede e-flex e-con-boxed lakit-col-width-auto-no e-container e-root-container elementor-top-section e-con e-parent\" data-id=\"58aeede\" data-element_type=\"container\" data-settings=\"{&quot;background_background&quot;:&quot;classic&quot;,&quot;background_motion_fx_motion_fx_scrolling&quot;:&quot;yes&quot;,&quot;background_motion_fx_translateY_effect&quot;:&quot;yes&quot;,&quot;content_width&quot;:&quot;boxed&quot;,&quot;background_motion_fx_translateY_speed&quot;:{&quot;unit&quot;:&quot;px&quot;,&quot;size&quot;:3,&quot;sizes&quot;:[]},&quot;background_motion_fx_translateY_affectedRange&quot;:{&quot;unit&quot;:&quot;%&quot;,&quot;size&quot;:&quot;&quot;,&quot;sizes&quot;:{&quot;start&quot;:20,&quot;end&quot;:80}},&quot;background_motion_fx_devices&quot;:[&quot;mobile&quot;,&quot;mobile_extra&quot;,&quot;tablet&quot;,&quot;laptop&quot;,&quot;desktop&quot;]}\" data-core-v316-plus=\"true\">\n\t\t\t\t\t<div class=\"e-con-inner\">\n\t\t\t\t<div class=\"elementor-element elementor-element-c29d694 elementor-invisible elementor-widget elementor-widget-heading\" data-id=\"c29d694\" data-element_type=\"widget\" data-settings=\"{&quot;_animation&quot;:&quot;lakitShortFadeInUp&quot;,&quot;_animation_delay&quot;:200}\" data-widget_type=\"heading.default\">\n\t\t\t\t<div class=\"elementor-widget-container\">\n\t\t\t<style>\/*! elementor - v3.16.0 - 09-10-2023 *\/\n.elementor-heading-title{padding:0;margin:0;line-height:1}.elementor-widget-heading .elementor-heading-title[class*=elementor-size-]>a{color:inherit;font-size:inherit;line-height:inherit}.elementor-widget-heading .elementor-heading-title.elementor-size-small{font-size:15px}.elementor-widget-heading .elementor-heading-title.elementor-size-medium{font-size:19px}.elementor-widget-heading .elementor-heading-title.elementor-size-large{font-size:29px}.elementor-widget-heading .elementor-heading-title.elementor-size-xl{font-size:39px}.elementor-widget-heading .elementor-heading-title.elementor-size-xxl{font-size:59px}<\/style><h1 class=\"elementor-heading-title elementor-size-default\">Contact<\/h1>\t\t<\/div>\n\t\t\t\t<\/div>\n\t\t\t\t\t<\/div>\n\t\t\t\t<\/div>\n\t\t<div class=\"elementor-element elementor-element-be2a19c e-flex e-con-boxed lakit-col-width-auto-no e-container e-root-container elementor-top-section e-con e-parent\" data-id=\"be2a19c\" data-element_type=\"container\" data-settings=\"{&quot;content_width&quot;:&quot;boxed&quot;}\" data-core-v316-plus=\"true\">\n\t\t\t\t\t<div class=\"e-con-inner\">\n\t\t<div class=\"elementor-element elementor-element-c3fd2fb e-con-full e-flex lakit-col-width-auto-no elementor-invisible e-container e-con e-child\" data-id=\"c3fd2fb\" data-element_type=\"container\" data-settings=\"{&quot;content_width&quot;:&quot;full&quot;,&quot;animation&quot;:&quot;lakitShortFadeInUp&quot;,&quot;animation_delay&quot;:200}\">\n\t\t\t\t<div class=\"elementor-element elementor-element-b194b9d elementor-widget elementor-widget-heading\" data-id=\"b194b9d\" data-element_type=\"widget\" data-widget_type=\"heading.default\">\n\t\t\t\t<div class=\"elementor-widget-container\">\n\t\t\t<h2 class=\"elementor-heading-title elementor-size-default\">FUSTERIA MART\u00cdNEZ\n<\/h2>\t\t<\/div>\n\t\t\t\t<\/div>\n\t\t\t\t<div class=\"elementor-element elementor-element-d1d5b5e elementor-widget elementor-widget-text-editor\" data-id=\"d1d5b5e\" data-element_type=\"widget\" data-widget_type=\"text-editor.default\">\n\t\t\t\t<div class=\"elementor-widget-container\">\n\t\t\t<style>\/*! elementor - v3.16.0 - 09-10-2023 *\/\n.elementor-widget-text-editor.elementor-drop-cap-view-stacked .elementor-drop-cap{background-color:#69727d;color:#fff}.elementor-widget-text-editor.elementor-drop-cap-view-framed .elementor-drop-cap{color:#69727d;border:3px solid;background-color:transparent}.elementor-widget-text-editor:not(.elementor-drop-cap-view-default) .elementor-drop-cap{margin-top:8px}.elementor-widget-text-editor:not(.elementor-drop-cap-view-default) .elementor-drop-cap-letter{width:1em;height:1em}.elementor-widget-text-editor .elementor-drop-cap{float:left;text-align:center;line-height:1;font-size:50px}.elementor-widget-text-editor .elementor-drop-cap-letter{display:inline-block}<\/style>\t\t\t\t<p>C\/ Compositor Mundi, 13, 17600<br \/>Figueres (Girona)<\/p><p>Du lundi au vendredi<br \/>8h00 \u00e0 13h00 et 14h30 \u00e0 20h00<\/p><p><span style=\"font-family: niveau-grotesk, -apple-system, 'system-ui', 'Segoe UI', Poppins, 'Helvetica Neue', Arial, 'Noto Sans', sans-serif, 'Apple Color Emoji', 'Segoe UI Emoji', 'Segoe UI Symbol', 'Noto Color Emoji'; font-size: 18px; font-style: normal; font-variant-ligatures: normal; font-variant-caps: normal; font-weight: 300;\">Tlf. de Joan. 687802316<\/span><br \/><span style=\"font-family: niveau-grotesk, -apple-system, 'system-ui', 'Segoe UI', Poppins, 'Helvetica Neue', Arial, 'Noto Sans', sans-serif, 'Apple Color Emoji', 'Segoe UI Emoji', 'Segoe UI Symbol', 'Noto Color Emoji'; font-size: 18px; font-style: normal; font-variant-ligatures: normal; font-variant-caps: normal; font-weight: 300;\">E-mail:fusteriasubiros@gmail.com<\/span><\/p>\t\t\t\t\t\t<\/div>\n\t\t\t\t<\/div>\n\t\t\t\t<\/div>\n\t\t<div class=\"elementor-element elementor-element-05e6b2f e-con-full e-flex lakit-col-width-auto-no elementor-invisible e-container e-con e-child\" data-id=\"05e6b2f\" data-element_type=\"container\" data-settings=\"{&quot;content_width&quot;:&quot;full&quot;,&quot;animation&quot;:&quot;lakitShortFadeInUp&quot;,&quot;animation_delay&quot;:200,&quot;background_background&quot;:&quot;slideshow&quot;,&quot;background_slideshow_gallery&quot;:[],&quot;background_slideshow_loop&quot;:&quot;yes&quot;,&quot;background_slideshow_slide_duration&quot;:5000,&quot;background_slideshow_slide_transition&quot;:&quot;fade&quot;,&quot;background_slideshow_transition_duration&quot;:500}\">\n\t\t\t\t<div class=\"elementor-element elementor-element-b45c22f elementor-widget elementor-widget-text-editor\" data-id=\"b45c22f\" data-element_type=\"widget\" data-widget_type=\"text-editor.default\">\n\t\t\t\t<div class=\"elementor-widget-container\">\n\t\t\t\t\t\t\t<p><iframe src=\"https:\/\/www.google.com\/maps\/embed?pb=!1m14!1m8!1m3!1d23618.694169750357!2d2.966522!3d42.271334!3m2!1i1024!2i768!4f13.1!3m3!1m2!1s0x12ba8d5acfa4b663%3A0xe2319c36349d62c5!2sFusteria%20Martinez%20Figueres!5e0!3m2!1ses!2ses!4v1697542019686!5m2!1ses!2ses\" width=\"100%\" height=\"450\" style=\"border:0;\" allowfullscreen=\"\" loading=\"lazy\" referrerpolicy=\"no-referrer-when-downgrade\"><\/iframe><\/p>\n\t\t\t\t\t\t<\/div>\n\t\t\t\t<\/div>\n\t\t\t\t<\/div>\n\t\t\t\t\t<\/div>\n\t\t\t\t<\/div>\n\t\t\t\t\t\t\t<\/div>\n\t\t","protected":false},"excerpt":{"rendered":"<p>Contact FUSTERIA MART\u00cdNEZ C\/ Compositor Mundi, 13, 17600Figueres (Girona) Du lundi au vendredi8h00 \u00e0 13h00 et 14h30 \u00e0 20h00 Tlf. de Joan. 687802316E-mail:fusteriasubiros@gmail.com<\/p>\n","protected":false},"author":1,"featured_media":0,"parent":0,"menu_order":600,"comment_status":"closed","ping_status":"closed","template":"","meta":{"footnotes":""},"yoast_head":"<!-- This site is optimized with the Yoast SEO plugin v23.0 - https:\/\/yoast.com\/wordpress\/plugins\/seo\/ -->\n<title>Contact - FUSTERIA MART\u00cdNEZ - ALUMINIO Y CARPINTER\u00cdA FIGUERES<\/title>\n<meta name=\"robots\" content=\"index, follow, max-snippet:-1, max-image-preview:large, max-video-preview:-1\" \/>\n<link rel=\"canonical\" href=\"https:\/\/fusteriamartinez.net\/fr\/contact\/\" \/>\n<meta property=\"og:locale\" content=\"fr_FR\" \/>\n<meta property=\"og:type\" content=\"article\" \/>\n<meta property=\"og:title\" content=\"Contact - FUSTERIA MART\u00cdNEZ - ALUMINIO Y CARPINTER\u00cdA FIGUERES\" \/>\n<meta property=\"og:description\" content=\"Contact FUSTERIA MART\u00cdNEZ C\/ Compositor Mundi, 13, 17600Figueres (Girona) Du lundi au vendredi8h00 \u00e0 13h00 et 14h30 \u00e0 20h00 Tlf. de Joan. 687802316E-mail:fusteriasubiros@gmail.com\" \/>\n<meta property=\"og:url\" content=\"https:\/\/fusteriamartinez.net\/fr\/contact\/\" \/>\n<meta property=\"og:site_name\" content=\"FUSTERIA MART\u00cdNEZ - ALUMINIO Y CARPINTER\u00cdA FIGUERES\" \/>\n<meta property=\"article:modified_time\" content=\"2024-07-18T12:08:52+00:00\" \/>\n<meta name=\"twitter:card\" content=\"summary_large_image\" \/>\n<meta name=\"twitter:label1\" content=\"Dur\u00e9e de lecture estim\u00e9e\" \/>\n\t<meta name=\"twitter:data1\" content=\"1 minute\" \/>\n<script type=\"application\/ld+json\" class=\"yoast-schema-graph\">{\"@context\":\"https:\/\/schema.org\",\"@graph\":[{\"@type\":\"WebPage\",\"@id\":\"https:\/\/fusteriamartinez.net\/fr\/contact\/\",\"url\":\"https:\/\/fusteriamartinez.net\/fr\/contact\/\",\"name\":\"Contact - FUSTERIA MART\u00cdNEZ - ALUMINIO Y CARPINTER\u00cdA FIGUERES\",\"isPartOf\":{\"@id\":\"https:\/\/fusteriamartinez.net\/fr\/#website\"},\"datePublished\":\"2023-10-17T11:19:26+00:00\",\"dateModified\":\"2024-07-18T12:08:52+00:00\",\"breadcrumb\":{\"@id\":\"https:\/\/fusteriamartinez.net\/fr\/contact\/#breadcrumb\"},\"inLanguage\":\"fr-FR\",\"potentialAction\":[{\"@type\":\"ReadAction\",\"target\":[\"https:\/\/fusteriamartinez.net\/fr\/contact\/\"]}]},{\"@type\":\"BreadcrumbList\",\"@id\":\"https:\/\/fusteriamartinez.net\/fr\/contact\/#breadcrumb\",\"itemListElement\":[{\"@type\":\"ListItem\",\"position\":1,\"name\":\"Home\",\"item\":\"https:\/\/fusteriamartinez.net\/fr\/\"},{\"@type\":\"ListItem\",\"position\":2,\"name\":\"Contact\"}]},{\"@type\":\"WebSite\",\"@id\":\"https:\/\/fusteriamartinez.net\/fr\/#website\",\"url\":\"https:\/\/fusteriamartinez.net\/fr\/\",\"name\":\"FUSTERIA MART\u00cdNEZ - ALUMINIO Y CARPINTER\u00cdA FIGUERES\",\"description\":\"\",\"potentialAction\":[{\"@type\":\"SearchAction\",\"target\":{\"@type\":\"EntryPoint\",\"urlTemplate\":\"https:\/\/fusteriamartinez.net\/fr\/?s={search_term_string}\"},\"query-input\":\"required name=search_term_string\"}],\"inLanguage\":\"fr-FR\"}]}<\/script>\n<!-- \/ Yoast SEO plugin. -->","yoast_head_json":{"title":"Contact - FUSTERIA MART\u00cdNEZ - ALUMINIO Y CARPINTER\u00cdA FIGUERES","robots":{"index":"index","follow":"follow","max-snippet":"max-snippet:-1","max-image-preview":"max-image-preview:large","max-video-preview":"max-video-preview:-1"},"canonical":"https:\/\/fusteriamartinez.net\/fr\/contact\/","og_locale":"fr_FR","og_type":"article","og_title":"Contact - FUSTERIA MART\u00cdNEZ - ALUMINIO Y CARPINTER\u00cdA FIGUERES","og_description":"Contact FUSTERIA MART\u00cdNEZ C\/ Compositor Mundi, 13, 17600Figueres (Girona) Du lundi au vendredi8h00 \u00e0 13h00 et 14h30 \u00e0 20h00 Tlf. de Joan. 687802316E-mail:fusteriasubiros@gmail.com","og_url":"https:\/\/fusteriamartinez.net\/fr\/contact\/","og_site_name":"FUSTERIA MART\u00cdNEZ - ALUMINIO Y CARPINTER\u00cdA FIGUERES","article_modified_time":"2024-07-18T12:08:52+00:00","twitter_card":"summary_large_image","twitter_misc":{"Dur\u00e9e de lecture estim\u00e9e":"1 minute"},"schema":{"@context":"https:\/\/schema.org","@graph":[{"@type":"WebPage","@id":"https:\/\/fusteriamartinez.net\/fr\/contact\/","url":"https:\/\/fusteriamartinez.net\/fr\/contact\/","name":"Contact - FUSTERIA MART\u00cdNEZ - ALUMINIO Y CARPINTER\u00cdA FIGUERES","isPartOf":{"@id":"https:\/\/fusteriamartinez.net\/fr\/#website"},"datePublished":"2023-10-17T11:19:26+00:00","dateModified":"2024-07-18T12:08:52+00:00","breadcrumb":{"@id":"https:\/\/fusteriamartinez.net\/fr\/contact\/#breadcrumb"},"inLanguage":"fr-FR","potentialAction":[{"@type":"ReadAction","target":["https:\/\/fusteriamartinez.net\/fr\/contact\/"]}]},{"@type":"BreadcrumbList","@id":"https:\/\/fusteriamartinez.net\/fr\/contact\/#breadcrumb","itemListElement":[{"@type":"ListItem","position":1,"name":"Home","item":"https:\/\/fusteriamartinez.net\/fr\/"},{"@type":"ListItem","position":2,"name":"Contact"}]},{"@type":"WebSite","@id":"https:\/\/fusteriamartinez.net\/fr\/#website","url":"https:\/\/fusteriamartinez.net\/fr\/","name":"FUSTERIA MART\u00cdNEZ - ALUMINIO Y CARPINTER\u00cdA FIGUERES","description":"","potentialAction":[{"@type":"SearchAction","target":{"@type":"EntryPoint","urlTemplate":"https:\/\/fusteriamartinez.net\/fr\/?s={search_term_string}"},"query-input":"required name=search_term_string"}],"inLanguage":"fr-FR"}]}},"_links":{"self":[{"href":"https:\/\/fusteriamartinez.net\/fr\/wp-json\/wp\/v2\/pages\/3691"}],"collection":[{"href":"https:\/\/fusteriamartinez.net\/fr\/wp-json\/wp\/v2\/pages"}],"about":[{"href":"https:\/\/fusteriamartinez.net\/fr\/wp-json\/wp\/v2\/types\/page"}],"author":[{"embeddable":true,"href":"https:\/\/fusteriamartinez.net\/fr\/wp-json\/wp\/v2\/users\/1"}],"replies":[{"embeddable":true,"href":"https:\/\/fusteriamartinez.net\/fr\/wp-json\/wp\/v2\/comments?post=3691"}],"version-history":[{"count":7,"href":"https:\/\/fusteriamartinez.net\/fr\/wp-json\/wp\/v2\/pages\/3691\/revisions"}],"predecessor-version":[{"id":3973,"href":"https:\/\/fusteriamartinez.net\/fr\/wp-json\/wp\/v2\/pages\/3691\/revisions\/3973"}],"wp:attachment":[{"href":"https:\/\/fusteriamartinez.net\/fr\/wp-json\/wp\/v2\/media?parent=3691"}],"curies":[{"name":"wp","href":"https:\/\/api.w.org\/{rel}","templated":true}]}}